{"id":2,"date":"2022-06-30T16:30:11","date_gmt":"2022-06-30T14:30:11","guid":{"rendered":"http:\/\/uwerosenkranz.com\/generalvertrag\/?page_id=2"},"modified":"2026-04-22T13:59:32","modified_gmt":"2026-04-22T11:59:32","slug":"beispiel-seite","status":"publish","type":"page","link":"http:\/\/uwerosenkranz.com\/generalvertrag\/?page_id=2","title":{"rendered":"Start-Seite"},"content":{"rendered":"\t\t<div data-elementor-type=\"wp-page\" data-elementor-id=\"2\" class=\"elementor elementor-2\">\n\t\t\t\t<div class=\"elementor-element elementor-element-66902c91 e-con-full e-flex e-con e-parent\" data-id=\"66902c91\" data-element_type=\"container\" data-e-type=\"container\">\n\t\t\t\t<div class=\"elementor-element elementor-element-77dd8b4d elementor-widget elementor-widget-text-editor\" data-id=\"77dd8b4d\" data-element_type=\"widget\" data-e-type=\"widget\" data-widget_type=\"text-editor.default\">\n\t\t\t\t\t\t\t\t\t<h2 style=\"text-align: right;\"><span style=\"color: #993300;\"><strong>Regenerative Generalvertrag 2.0<\/strong><\/span><\/h2>\n<p>52 Jahre S&lt;T&gt;aat &#8211; jetzt die gerechte Ernte (Rente)\u00a0<\/p>\t\t\t\t\t\t\t\t<\/div>\n\t\t\t\t<\/div>\n\t\t<div class=\"elementor-element elementor-element-38b5b04 e-flex e-con-boxed e-con e-parent\" data-id=\"38b5b04\" data-element_type=\"container\" data-e-type=\"container\">\n\t\t\t\t\t<div class=\"e-con-inner\">\n\t\t<div class=\"elementor-element elementor-element-27ab693 e-con-full e-flex e-con e-child\" data-id=\"27ab693\" data-element_type=\"container\" data-e-type=\"container\">\n\t\t\t\t<\/div>\n\t\t<div class=\"elementor-element elementor-element-ff90ce2 e-con-full e-flex e-con e-child\" data-id=\"ff90ce2\" data-element_type=\"container\" data-e-type=\"container\">\n\t\t\t\t<\/div>\n\t\t\t\t\t\t\t\t<p class=\"e-paragraph-base\" data-interaction-id=\"ab21cdd\"  >\n\t\t\t\t\t\t\t\tVom NAI zum Dynamic Regenerative Index (DRI)<br>mit Rosary\u00a9\u00ae\u2122-Governance &amp; First-Fruits-Prinzip<strong>Erzbischof Dr. (h.c.Mult.) Uwe A. E. Rosenkranz<\/strong><br>Guckenb\u00fchlstrasse 19, 72475 Bitz \u2022 Tel. 07431 8752 \u2022 eurobitz@Jesus.tips<br><strong>Kraken:<\/strong> AA16 N84G DNTM RYJA<br><a target=\"_blank\" href=\"https:\/\/www.rosary.eu.com\/\" rel=\"nofollow noopener\"><strong>rosary.eu.com<\/strong><\/a><a target=\"_blank\" href=\"https:\/\/rosary-mom.github.io\/rosenkranz-finance\/index.html\" rel=\"nofollow noopener\"><strong>rosenkranz<\/strong><\/a><br><a target=\"_blank\" href=\"https:\/\/rosary-mom.github.io\/rosenkranz-finance\/index.html\" rel=\"nofollow noopener\"><strong>-finance<\/strong><\/a><a target=\"_blank\" href=\"https:\/\/rosary-mom.github.io\/Q-Hebel-Labs\/\" rel=\"nofollow noopener\"><strong>Q-Hebel-Labs<\/strong><\/a><br><a target=\"_blank\" href=\"https:\/\/rosary-mom.github.io\/token-launch.html\/\" rel=\"nofollow noopener\"><strong>Token Launch<\/strong><\/a><br><a target=\"_blank\" href=\"https:\/\/rosary-mom.github.io\/rosary-roi-universe\/\" rel=\"nofollow noopener\"><strong>ROI Universe<\/strong><\/a><br>Der Neue Bund \u2013 52 Jahre Saat, jetzt die ErnteNach 52 Jahren voller Einzahlungen in die gesetzliche Rentenversicherung und vollst\u00e4ndiger BAf\u00f6G-R\u00fcckzahlung liegt meine Rente heute unter dem Existenzminimum.<br> Der <strong>Regenerative Generalvertrag 2.0<\/strong><br><br><br> macht Schluss mit diesem Unrecht. Er wandelt den alten NAI in einen lebendigen, selbstregulierenden <strong>Dynamic Regenerative Index (DRI)<\/strong> um \u2013 mit 29 bereinigten Werten (BioNTech entfernt) und einem dynamischen 30. Slot f\u00fcr regenerative Projekte.Aktuelle DRI-Komponenten (29 Werte \u2013 Stand April 2026)<strong>BioNTech entfernt<\/strong> \u2022 30. Slot reserviert f\u00fcr regenerative Assets (Aquaponik \/ Bio2.0)<br><strong>Unternehmen Land Branche ESG Health Resilience First -FruitsGesamt<\/strong><br>AixtronDeutschlandHalbleiteranlagen8.77.29.18.4<br><strong>8.4<\/strong>Aspen PharmacareS\u00fcdafrikaGenerika7.98.87.58.<br>1<strong>8.1<\/strong>BillerudSchwedenVerpackung9.26.58.89.0<br><strong>8.4<\/strong>East Japan RailwayJapanSchienenverkehr8.47.89.37.9<br><strong>8.4<\/strong>First SolarUSAPhotovoltaik9.58.98.29.3<br><strong>9.0<\/strong>GeberitSchweizSanit\u00e4rprodukte8.87.18.68.5<br><strong>8.3<\/strong>Hannon ArmstrongUSASpez. Finanzierung8.16.88.98.7<br><strong>8.1<\/strong>InterfaceUSABodenbel\u00e4ge9.37.49.09.2<br><strong>8.7<\/strong>KadantUSAPapierrecycling9.06.98.78.8<br><strong>8.4<\/strong>KingfisherUKHeimwerkerm\u00e4rkte7.66.27.87.5<br><strong>7.3<\/strong>Kurita Water IndustriesJapanWassermanagement9.18.58.48.9<br><strong>8.7<\/strong>Molina HealthcareUSAKrankenversicherung7.89.27.67.4<br><strong>8.0<\/strong>Natura &amp; CoBrasilienKosmetik8.57.78.18.6<br><strong>8.2<\/strong>NvidiaUSAHalbleiter7.26.49.47.8<br><strong>7.7<\/strong>Ormat TechnologiesUSAGeothermie9.47.38.59.1<br><strong>8.6<\/strong>PearsonUKBildung8.08.17.97.6<br><strong>7.9<\/strong>PotlatchDelticUSAHolzprodukte8.66.78.38.2<br><strong>7.9<\/strong>RicohJapanB\u00fcromaschinen7.56.37.77.2<br><strong>7.2<\/strong>ScatecNorwegenErneuerbare Energien9.07.68.88.9<br><strong>8.6<\/strong>SignifyNiederlandeLichtsysteme8.37.08.58.0<br><strong>7.9<\/strong>Sims Metal ManagementAustralienRecycling9.26.88.99.0<br><strong>8.5<\/strong>Smith &amp; NephewUKMedizintechnik7.98.77.87.5<br><strong>8.0<\/strong>SteelcaseUSAEinrichtungsgegenst\u00e4nde8.26.58.07.8<br><strong>7.6<\/strong>SteicoDeutschlandD\u00e4mmstoffe9.17.28.68.8<br><strong>8.4<\/strong>Svenska CellulosaSchwedenPapier8.76.68.48.3<br><strong>8.0<\/strong>TeslaUSAElektroautos8.97.99.29.4<br><strong>8.9<\/strong>Tomra SystemsNorwegenPfandflaschenger\u00e4te9.67.59.09.5<br><strong>8.9<\/strong>United Natural FoodsUSABio-Lebensmittel8.48.37.78.1<br><strong>8.1<\/strong>Vestas WindD\u00e4nemarkWindturbinen9.37.88.79.2<br><strong>8.8 ....<\/strong>\ud83d\udcff Der Digitale RosenkranzJede Beitragszahlung wird zur Perle. Der Rosary\u00a9\u00ae\u2122-Rat betet t\u00e4glich mit Ihnen. Q-Hebel-Labs und der ROI-Universe sind die modernen Z\u00e4hlsteine \u2013 sie multiplizieren Ihre 52-j\u00e4hrige Saat mit Hebelwirkung.\n\t\t\t\t\t<\/p>\n\t\t\t\t\t<\/div>\n\t\t\t\t<\/div>\n\t\t<div class=\"elementor-element elementor-element-16d5bfa e-flex e-con-boxed e-con e-parent\" data-id=\"16d5bfa\" data-element_type=\"container\" data-e-type=\"container\">\n\t\t\t\t\t<div class=\"e-con-inner\">\n\t\t<div class=\"elementor-element elementor-element-99cc5e9 e-con-full e-flex e-con e-child\" data-id=\"99cc5e9\" data-element_type=\"container\" data-e-type=\"container\">\n\t\t\t\t<\/div>\n\t\t<div class=\"elementor-element elementor-element-619e542 e-con-full e-flex e-con e-child\" data-id=\"619e542\" data-element_type=\"container\" data-e-type=\"container\">\n\t\t\t\t<\/div>\n\t\t\t\t\t<\/div>\n\t\t\t\t<\/div>\n\t\t\t\t<div class=\"elementor-element elementor-element-356c369 e-con e-atomic-element e-flexbox-base\" data-id=\"356c369\" data-element_type=\"e-flexbox\" data-e-type=\"e-flexbox\" data-interaction-id=\"356c369\">\n\t\t\t\t\t\t\t\t<p class=\"e-paragraph-base\" data-interaction-id=\"d14d3ce\"  >\n\t\t\t\t\t\t\t\tInsider-Beratungssoftware: <br>BEISPIEL: <br>DRI-Rating &amp; First-Fruits-Simulation<br><strong>Erzbischof Dr. Uwe A. E. Rosenkranz<\/strong> <br>\u2013 Kraken: AA16 N84G DNTM RYJA<br>Interaktiver Portfolio-Slider (insider)Anteil DRI (von 29 Werten): 65%<br><strong>Erwartete Portfolio-Rendite:<\/strong> 8.3 % p.a.<br><strong>First-Fruits-Bonus (Lead Author):<\/strong> +2.8 %<br><strong>Impact-Score:<\/strong> 88\/100<br>Rosenkranz-Rat FinTech Simulator<br>Gesetzliche Rente (%): 70%<br>DRI \/ ESG-Mintig-Coins (%): 25%<br>First-Fruits-Multiplier (Pioniere): 3.0x<br><strong>Erwartete Rendite:<\/strong> 8.9 % p.a<br>.<strong>Impact-Score:<\/strong> 100\/100<br><strong>First-Fruits-Bonus:<\/strong> +2.5 % Token-Share<br><strong>Monatliche Zusatzrente (bei 2.000 \u20ac):<\/strong> 200 \u20ac\n\t\t\t\t\t<\/p>\n\t\t\t\t<\/div>\n\t\t\t\t<div class=\"elementor-element elementor-element-35aa9c9 e-con e-atomic-element e-flexbox-base\" data-id=\"35aa9c9\" data-element_type=\"e-flexbox\" data-e-type=\"e-flexbox\" data-interaction-id=\"35aa9c9\">\n\t\t\t\t\t    \t            <a href=\"https:\/\/rosary-mom.github.io\/Rosenkranz-Rat\/rosenkranz-generalvertrag.html\" target=\"_blank\" class=\"e-button-base\" data-interaction-id=\"7dbde3f\" rel=\"nofollow noopener\">\n            call to action\n        <\/a>\n    \t\t\t\t<\/div>\n\t\t<div class=\"elementor-element elementor-element-undefined-c7fd009 e-con-full e-flex e-con e-parent\" data-id=\"undefined-c7fd009\" data-element_type=\"container\" data-e-type=\"container\">\n\t\t<div class=\"elementor-element elementor-element-undefined-78e98e8 e-flex e-con-boxed e-con e-child\" data-id=\"undefined-78e98e8\" data-element_type=\"container\" data-e-type=\"container\">\n\t\t\t\t\t<div class=\"e-con-inner\">\n\t\t\t\t<div class=\"elementor-element elementor-element-undefined-e10197d elementor-widget__width-inherit elementor-widget elementor-widget-heading\" data-id=\"undefined-e10197d\" data-element_type=\"widget\" data-e-type=\"widget\" data-widget_type=\"heading.default\">\n\t\t\t\t\t<h2 class=\"elementor-heading-title elementor-size-default\">Connect with Us<\/h2>\t\t\t\t<\/div>\n\t\t<div class=\"elementor-element elementor-element-undefined-82e45a4 e-con-full e-flex e-con e-child\" data-id=\"undefined-82e45a4\" data-element_type=\"container\" data-e-type=\"container\">\n\t\t\t\t<div class=\"elementor-element elementor-element-undefined-76da882 elementor-view-stacked elementor-shape-square elementor-widget-tablet__width-initial elementor-position-inline-start elementor-widget__width-initial elementor-mobile-position-block-start elementor-widget elementor-widget-icon-box\" data-id=\"undefined-76da882\" data-element_type=\"widget\" data-e-type=\"widget\" data-widget_type=\"icon-box.default\">\n\t\t\t\t\t\t\t<div class=\"elementor-icon-box-wrapper\">\n\n\t\t\t\t\t\t<div class=\"elementor-icon-box-icon\">\n\t\t\t\t<a href=\"https:\/\/www.facebook.com\/BishopRosary\" class=\"elementor-icon elementor-animation-shrink\" tabindex=\"-1\" aria-label=\"Give Us a Call\" rel=\"nofollow noopener\" target=\"_blank\">\n\t\t\t\t<svg aria-hidden=\"true\" class=\"e-font-icon-svg e-fab-facebook\" viewBox=\"0 0 512 512\" xmlns=\"http:\/\/www.w3.org\/2000\/svg\"><path d=\"M504 256C504 119 393 8 256 8S8 119 8 256c0 123.78 90.69 226.38 209.25 245V327.69h-63V256h63v-54.64c0-62.15 37-96.48 93.67-96.48 27.14 0 55.52 4.84 55.52 4.84v61h-31.28c-30.8 0-40.41 19.12-40.41 38.73V256h68.78l-11 71.69h-57.78V501C413.31 482.38 504 379.78 504 256z\"><\/path><\/svg>\t\t\t\t<\/a>\n\t\t\t<\/div>\n\t\t\t\n\t\t\t\t\t\t<div class=\"elementor-icon-box-content\">\n\n\t\t\t\t\t\t\t\t\t<h4 class=\"elementor-icon-box-title\">\n\t\t\t\t\t\t<a href=\"https:\/\/www.facebook.com\/BishopRosary\" rel=\"nofollow noopener\" target=\"_blank\">\n\t\t\t\t\t\t\tGive Us a Call\t\t\t\t\t\t<\/a>\n\t\t\t\t\t<\/h4>\n\t\t\t\t\n\t\t\t\t\t\t\t\t\t<p class=\"elementor-icon-box-description\">\n\t\t\t\t\t\t+49 15229584530\t\t\t\t\t<\/p>\n\t\t\t\t\n\t\t\t<\/div>\n\t\t\t\n\t\t<\/div>\n\t\t\t\t\t\t<\/div>\n\t\t\t\t<div class=\"elementor-element elementor-element-undefined-fae553c elementor-view-stacked elementor-shape-square elementor-widget-tablet__width-initial elementor-position-inline-start elementor-widget__width-initial elementor-mobile-position-block-start elementor-widget elementor-widget-icon-box\" data-id=\"undefined-fae553c\" data-element_type=\"widget\" data-e-type=\"widget\" data-widget_type=\"icon-box.default\">\n\t\t\t\t\t\t\t<div class=\"elementor-icon-box-wrapper\">\n\n\t\t\t\t\t\t<div class=\"elementor-icon-box-icon\">\n\t\t\t\t<a href=\"https:\/\/x.com\/RosaryParish\" class=\"elementor-icon elementor-animation-shrink\" tabindex=\"-1\" aria-label=\"Drop Us a Line\" rel=\"nofollow\">\n\t\t\t\t<svg aria-hidden=\"true\" class=\"e-font-icon-svg e-fab-x-twitter\" viewBox=\"0 0 512 512\" xmlns=\"http:\/\/www.w3.org\/2000\/svg\"><path d=\"M389.2 48h70.6L305.6 224.2 487 464H345L233.7 318.6 106.5 464H35.8L200.7 275.5 26.8 48H172.4L272.9 180.9 389.2 48zM364.4 421.8h39.1L151.1 88h-42L364.4 421.8z\"><\/path><\/svg>\t\t\t\t<\/a>\n\t\t\t<\/div>\n\t\t\t\n\t\t\t\t\t\t<div class=\"elementor-icon-box-content\">\n\n\t\t\t\t\t\t\t\t\t<h4 class=\"elementor-icon-box-title\">\n\t\t\t\t\t\t<a href=\"https:\/\/x.com\/RosaryParish\" rel=\"nofollow\">\n\t\t\t\t\t\t\tDrop Us a Line\t\t\t\t\t\t<\/a>\n\t\t\t\t\t<\/h4>\n\t\t\t\t\n\t\t\t\t\t\t\t\t\t<p class=\"elementor-icon-box-description\">\n\t\t\t\t\t\teurobitz@Jesus.tips\t\t\t\t\t<\/p>\n\t\t\t\t\n\t\t\t<\/div>\n\t\t\t\n\t\t<\/div>\n\t\t\t\t\t\t<\/div>\n\t\t\t\t<div class=\"elementor-element elementor-element-undefined-653cc60 elementor-view-stacked elementor-shape-square elementor-widget-tablet__width-initial elementor-position-inline-start elementor-widget__width-initial elementor-mobile-position-block-start elementor-widget elementor-widget-icon-box\" data-id=\"undefined-653cc60\" data-element_type=\"widget\" data-e-type=\"widget\" data-widget_type=\"icon-box.default\">\n\t\t\t\t\t\t\t<div class=\"elementor-icon-box-wrapper\">\n\n\t\t\t\t\t\t<div class=\"elementor-icon-box-icon\">\n\t\t\t\t<a href=\"https:\/\/www.linkedin.com\/in\/rosary\/?locale=edit\" class=\"elementor-icon elementor-animation-shrink\" tabindex=\"-1\" aria-label=\"Our Hours\" rel=\"nofollow noopener\" target=\"_blank\">\n\t\t\t\t<svg aria-hidden=\"true\" class=\"e-font-icon-svg e-fab-linkedin\" viewBox=\"0 0 448 512\" xmlns=\"http:\/\/www.w3.org\/2000\/svg\"><path d=\"M416 32H31.9C14.3 32 0 46.5 0 64.3v383.4C0 465.5 14.3 480 31.9 480H416c17.6 0 32-14.5 32-32.3V64.3c0-17.8-14.4-32.3-32-32.3zM135.4 416H69V202.2h66.5V416zm-33.2-243c-21.3 0-38.5-17.3-38.5-38.5S80.9 96 102.2 96c21.2 0 38.5 17.3 38.5 38.5 0 21.3-17.2 38.5-38.5 38.5zm282.1 243h-66.4V312c0-24.8-.5-56.7-34.5-56.7-34.6 0-39.9 27-39.9 54.9V416h-66.4V202.2h63.7v29.2h.9c8.9-16.8 30.6-34.5 62.9-34.5 67.2 0 79.7 44.3 79.7 101.9V416z\"><\/path><\/svg>\t\t\t\t<\/a>\n\t\t\t<\/div>\n\t\t\t\n\t\t\t\t\t\t<div class=\"elementor-icon-box-content\">\n\n\t\t\t\t\t\t\t\t\t<h4 class=\"elementor-icon-box-title\">\n\t\t\t\t\t\t<a href=\"https:\/\/www.linkedin.com\/in\/rosary\/?locale=edit\" rel=\"nofollow noopener\" target=\"_blank\">\n\t\t\t\t\t\t\tOur Hours\t\t\t\t\t\t<\/a>\n\t\t\t\t\t<\/h4>\n\t\t\t\t\n\t\t\t\t\t\t\t\t\t<p class=\"elementor-icon-box-description\">\n\t\t\t\t\t\tMon-Fri: 8 AM - 5 PM\t\t\t\t\t<\/p>\n\t\t\t\t\n\t\t\t<\/div>\n\t\t\t\n\t\t<\/div>\n\t\t\t\t\t\t<\/div>\n\t\t\t\t<div class=\"elementor-element elementor-element-undefined-1dd0065 elementor-view-stacked elementor-shape-square elementor-widget-tablet__width-initial elementor-position-inline-start elementor-widget__width-initial elementor-mobile-position-block-start elementor-widget elementor-widget-icon-box\" data-id=\"undefined-1dd0065\" data-element_type=\"widget\" data-e-type=\"widget\" data-widget_type=\"icon-box.default\">\n\t\t\t\t\t\t\t<div class=\"elementor-icon-box-wrapper\">\n\n\t\t\t\t\t\t<div class=\"elementor-icon-box-icon\">\n\t\t\t\t<span  class=\"elementor-icon elementor-animation-shrink\">\n\t\t\t\t<svg aria-hidden=\"true\" class=\"e-font-icon-svg e-fab-whatsapp\" viewBox=\"0 0 448 512\" xmlns=\"http:\/\/www.w3.org\/2000\/svg\"><path d=\"M380.9 97.1C339 55.1 283.2 32 223.9 32c-122.4 0-222 99.6-222 222 0 39.1 10.2 77.3 29.6 111L0 480l117.7-30.9c32.4 17.7 68.9 27 106.1 27h.1c122.3 0 224.1-99.6 224.1-222 0-59.3-25.2-115-67.1-157zm-157 341.6c-33.2 0-65.7-8.9-94-25.7l-6.7-4-69.8 18.3L72 359.2l-4.4-7c-18.5-29.4-28.2-63.3-28.2-98.2 0-101.7 82.8-184.5 184.6-184.5 49.3 0 95.6 19.2 130.4 54.1 34.8 34.9 56.2 81.2 56.1 130.5 0 101.8-84.9 184.6-186.6 184.6zm101.2-138.2c-5.5-2.8-32.8-16.2-37.9-18-5.1-1.9-8.8-2.8-12.5 2.8-3.7 5.6-14.3 18-17.6 21.8-3.2 3.7-6.5 4.2-12 1.4-32.6-16.3-54-29.1-75.5-66-5.7-9.8 5.7-9.1 16.3-30.3 1.8-3.7.9-6.9-.5-9.7-1.4-2.8-12.5-30.1-17.1-41.2-4.5-10.8-9.1-9.3-12.5-9.5-3.2-.2-6.9-.2-10.6-.2-3.7 0-9.7 1.4-14.8 6.9-5.1 5.6-19.4 19-19.4 46.3 0 27.3 19.9 53.7 22.6 57.4 2.8 3.7 39.1 59.7 94.8 83.8 35.2 15.2 49 16.5 66.6 13.9 10.7-1.6 32.8-13.4 37.4-26.4 4.6-13 4.6-24.1 3.2-26.4-1.3-2.5-5-3.9-10.5-6.6z\"><\/path><\/svg>\t\t\t\t<\/span>\n\t\t\t<\/div>\n\t\t\t\n\t\t\t\t\t\t<div class=\"elementor-icon-box-content\">\n\n\t\t\t\t\t\t\t\t\t<h4 class=\"elementor-icon-box-title\">\n\t\t\t\t\t\t<span  >\n\t\t\t\t\t\t\tCome See Us\t\t\t\t\t\t<\/span>\n\t\t\t\t\t<\/h4>\n\t\t\t\t\n\t\t\t\t\t\t\t\t\t<p class=\"elementor-icon-box-description\">\n\t\t\t\t\t\tTel. +49 15229584530\t\t\t\t\t<\/p>\n\t\t\t\t\n\t\t\t<\/div>\n\t\t\t\n\t\t<\/div>\n\t\t\t\t\t\t<\/div>\n\t\t\t\t<\/div>\n\t\t\t\t\t<\/div>\n\t\t\t\t<\/div>\n\t\t<div class=\"elementor-element elementor-element-undefined-75941b7 e-flex e-con-boxed e-con e-child\" data-id=\"undefined-75941b7\" data-element_type=\"container\" data-e-type=\"container\" data-settings=\"{&quot;background_background&quot;:&quot;classic&quot;}\">\n\t\t\t\t\t<div class=\"e-con-inner\">\n\t\t\t\t\t\t\t\t\t<div data-id=\"baadd4c\" data-interaction-id=\"baadd4c\" data-e-type=\"e-youtube\"  class=\"e-youtube-base\"  data-settings=\"&#x7B;&quot;source&quot;&#x3A;&quot;https&#x3A;&#x5C;&#x2F;&#x5C;&#x2F;youtu.be&#x5C;&#x2F;6Xy1TK4RfSo&#x3F;si&#x3D;d-WKdLKfMRtiMkzp&quot;,&quot;autoplay&quot;&#x3A;false,&quot;mute&quot;&#x3A;false,&quot;controls&quot;&#x3A;true,&quot;cc_load_policy&quot;&#x3A;false,&quot;loop&quot;&#x3A;false,&quot;rel&quot;&#x3A;true,&quot;start&quot;&#x3A;null,&quot;end&quot;&#x3A;null,&quot;privacy&quot;&#x3A;false,&quot;lazyload&quot;&#x3A;false&#x7D;\"><\/div>\n\t\t\t\t\t<\/div>\n\t\t\t\t<\/div>\n\t\t\t\t<\/div>\n\t\t\t\t<\/div>\n\t\t","protected":false},"excerpt":{"rendered":"<p>Regenerative Generalvertrag 2.0 52 Jahre S&lt;T&gt;aat &#8211; jetzt die gerechte Ernte (Rente)\u00a0 Vom NAI zum Dynamic Regenerative Index (DRI)mit Rosary\u00a9\u00ae&#x2122;-Governance &amp; First-Fruits-PrinzipErzbischof Dr. (h.c.Mult.) Uwe A. E. RosenkranzGuckenb\u00fchlstrasse 19, 72475 Bitz \u2022 Tel. 07431 8752 \u2022 eurobitz@Jesus.tipsKraken: AA16 N84G DNTM RYJArosary.eu.comrosenkranz-financeQ-Hebel-LabsToken LaunchROI UniverseDer Neue Bund \u2013 52 Jahre Saat, jetzt die ErnteNach 52 Jahren voller [&hellip;]<\/p>\n","protected":false},"author":1,"featured_media":40,"parent":0,"menu_order":0,"comment_status":"closed","ping_status":"open","template":"elementor_canvas","meta":{"footnotes":""},"class_list":["post-2","page","type-page","status-publish","has-post-thumbnail","hentry"],"_links":{"self":[{"href":"http:\/\/uwerosenkranz.com\/generalvertrag\/index.php?rest_route=\/wp\/v2\/pages\/2","targetHints":{"allow":["GET"]}}],"collection":[{"href":"http:\/\/uwerosenkranz.com\/generalvertrag\/index.php?rest_route=\/wp\/v2\/pages"}],"about":[{"href":"http:\/\/uwerosenkranz.com\/generalvertrag\/index.php?rest_route=\/wp\/v2\/types\/page"}],"author":[{"embeddable":true,"href":"http:\/\/uwerosenkranz.com\/generalvertrag\/index.php?rest_route=\/wp\/v2\/users\/1"}],"replies":[{"embeddable":true,"href":"http:\/\/uwerosenkranz.com\/generalvertrag\/index.php?rest_route=%2Fwp%2Fv2%2Fcomments&post=2"}],"version-history":[{"count":17,"href":"http:\/\/uwerosenkranz.com\/generalvertrag\/index.php?rest_route=\/wp\/v2\/pages\/2\/revisions"}],"predecessor-version":[{"id":62,"href":"http:\/\/uwerosenkranz.com\/generalvertrag\/index.php?rest_route=\/wp\/v2\/pages\/2\/revisions\/62"}],"wp:featuredmedia":[{"embeddable":true,"href":"http:\/\/uwerosenkranz.com\/generalvertrag\/index.php?rest_route=\/wp\/v2\/media\/40"}],"wp:attachment":[{"href":"http:\/\/uwerosenkranz.com\/generalvertrag\/index.php?rest_route=%2Fwp%2Fv2%2Fmedia&parent=2"}],"curies":[{"name":"wp","href":"https:\/\/api.w.org\/{rel}","templated":true}]}}